{"id":18767,"date":"2020-10-31T15:16:23","date_gmt":"2020-10-31T14:16:23","guid":{"rendered":"http:\/\/alumni.polimi.it\/?page_id=18767"},"modified":"2020-10-31T15:16:56","modified_gmt":"2020-10-31T14:16:56","slug":"cookie-policy","status":"publish","type":"page","link":"https:\/\/alumni.polimi.it\/en\/cookie-policy\/","title":{"rendered":"Cookie Policy"},"content":{"rendered":"<h1 class=\"wp-block-heading\">INFORMATIVA SULLA PRIVACY PER I TRATTAMENTI DATI DEL SITO WEB DI ATENEO<\/h1>\n\n\n\n<p>In questa pagina si descrivono le modalit\u00e0 di gestione del sito di Ateneo in riferimento al trattamento dei dati personali, sensibili e giudiziari (di seguito denominati &#8220;personali&#8221;) degli utenti che lo consultano. L&#8217;informativa \u00e8 resa solo per il sito dell&#8217;Universit\u00e0 e non anche per altri siti web eventualmente consultati dall&#8217;utente tramite link.<\/p>\n\n\n\n<h2 class=\"wp-block-heading\">LUOGO DI TRATTAMENTO DEI DATI<\/h2>\n\n\n\n<p>I trattamenti connessi ai servizi web di questo sito hanno luogo presso la sede dell&#8217;Universit\u00e0 e sono effettuati dagli incaricati autorizzati. I dati personali forniti dagli utenti che inoltrano richieste di invio di materiale informativo sono utilizzati al solo fine di eseguire il servizio o la prestazione richiesta e sono comunicati a terzi nel solo caso in cui ci\u00f2 sia a tal fine necessario o previsto da leggi o da regolamenti. I dati personali potranno essere comunicati all&#8217;esterno ad altri soggetti pubblici o privati esclusivamente per finalit\u00e0 connesse allo svolgimento delle attivit\u00e0 istituzionali dell&#8217;Universit\u00e0. I dati personali vengono inoltre comunicati all&#8217;istituto bancario tesoriere dell&#8217;Ateneo per le sole funzioni convenzionate. I dati personali saranno, inoltre, comunicati dall&#8217;Universit\u00e0, sia durante la carriera universitaria degli studenti, sia dopo la laurea, a soggetti, a enti e ad associazioni esterni, per iniziative di orientamento studentesco, di inserimento nel mondo del lavoro, per attivit\u00e0 di formazione post-laurea, previo consenso degli interessati.<\/p>\n\n\n\n<h2 class=\"wp-block-heading\">TIPI DI DATI TRATTATI<\/h2>\n\n\n\n<h3 class=\"wp-block-heading\">DATI DI NAVIGAZIONE<\/h3>\n\n\n\n<p>I sistemi informatici e le procedure software preposte al funzionamento di questo sito web acquisiscono, nel corso del loro normale esercizio, alcuni dati personali la cui trasmissione \u00e8 implicita nell&#8217;uso dei protocolli di comunicazione di Internet. Si tratta di informazioni che non sono raccolte per essere associate a interessati identificati, ma che per loro stessa natura potrebbero, attraverso elaborazioni e associazioni con dati detenuti da terzi, permettere di identificare gli utenti. In questa categoria di dati rientrano gli indirizzi IP o i nomi a dominio dei computer utilizzati dagli utenti che si connettono al sito, gli indirizzi in notazione URI (Uniform Resource Identifier) delle risorse richieste, l&#8217;orario della richiesta, il metodo utilizzato nel sottoporre la richiesta al server, la dimensione del file ottenuto in risposta, il codice numerico indicante lo stato della risposta data dal server (buon fine, errore eccetera) e altri parametri relativi al sistema operativo e all&#8217;ambiente informatico dell&#8217;utente. Questi dati vengono utilizzati al solo fine di ricavare informazioni statistiche anonime sull&#8217;uso del sito e per controllarne il corretto funzionamento. I dati potrebbero essere utilizzati per l&#8217;accertamento di responsabilit\u00e0 in caso di ipotetici reati informatici ai danni del sito.<\/p>\n\n\n\n<h3 class=\"wp-block-heading\">DATI FORNITI VOLONTARIAMENTE DALL&#8217;UTENTE<\/h3>\n\n\n\n<p>L&#8217;invio facoltativo, esplicito e volontario di posta elettronica agli indirizzi indicati su questo sito comporta la successiva acquisizione dell&#8217;indirizzo del mittente, necessario per rispondere alle richieste, nonch\u00e9 degli eventuali altri dati personali inseriti nella missiva. I dati personali forniti volontariamente dagli utenti, quali ad esempio quelli degli studenti, acquisiti con l&#8217;immatricolazione e con l&#8217;iscrizione o con successive eventuali modalit\u00e0 apposite di raccolta, saranno trattati per lo svolgimento delle proprie attivit\u00e0 istituzionali, nei limiti stabiliti dalla legge e dai regolamenti, nel rispetto dei principi generali di trasparenza, di correttezza e di riservatezza, come indicato nel decreto legislativo 196\/03.<\/p>\n\n\n\n<h2 class=\"wp-block-heading\">COOKIES E WEB BEACONS<\/h2>\n\n\n\n<p>La gestione del sito istituzionale dell&#8217;Universit\u00e0 impiega una tecnologia denominata \u201ccookies\u201d. Questi sono dei piccoli files di dati che vengono memorizzati nel computer dell&#8217; utente quando accede al sito o a parti di questo. I Cookies aiutano a comprendere quale parte del sito \u00e8 pi\u00f9 frequentata, qual \u00e8 il percorso dei visitatori nel sito e quanto tempo questi sono rimasti nel sito. I cookies sono utilizzati per studiare i percorsi di traffico al fine di migliorare le performance del sito stesso e di soddisfare al meglio gli interessi e le preferenze di visitatori. I cookies sono utilizzati anche dai siti che forniscono contatori al nostro sito. Le attivit\u00e0 di registrazione e di gestione di tracce\/percorsi sono eseguite secondo modalit\u00e0 che rendono i dati non identificabili. I Cookies possono, inoltre, essere utilizzati per riconoscere il computer dell&#8217;utente la volta successiva che lo stesso utente visiter\u00e0 il sito web. Ci\u00f2 consente di risparmiare tempo, dando all&#8217;utente, per esempio, la possibilit\u00e0 di non doversi registrare di nuovo, o aiutandolo a personalizzare i suoi settaggi in Internet. Web beacons possono essere usati sul nostro sito. Questa tecnologia consente di vedere quali visitatori hanno cliccato su elementi chiave (quali links o grafici) di una pagina web o di una email. Questi Web beacons sono di solito utilizzati unitamente ai cookies. Se l&#8217;utente non intende accettare i cookies, questi possono essere disabilitati seguendo le istruzioni del produttore del browser utilizzato.<\/p>\n\n\n\n<p><strong>COME DISABILITARE I COOKIES<\/strong><br>\u00c8 possibile negare il consenso all\u2019utilizzo dei cookie selezionando l&#8217;impostazione appropriata sul proprio browser: la navigazione non autenticata sui siti web del Portale di Ateneo sar\u00e0 comunque disponibile in tutte le sue funzionalit\u00e0.<\/p>\n\n\n\n<p><strong>Microsoft Edge:<\/strong><a href=\"https:\/\/support.microsoft.com\/it-it\/help\/4468242\/microsoft-edge-browsing-data-and-privacy\" target=\"_blank\" rel=\"noreferrer noopener\">https:\/\/support.microsoft.com\/it-it\/help\/4468242\/microsoft-edge-browsing-data-and-privacy<\/a><br><strong>Google Chrome:<\/strong><a href=\"https:\/\/support.google.com\/chrome\/answer\/95647?hl=it\" target=\"_blank\" rel=\"noreferrer noopener\">https:\/\/support.google.com\/chrome\/answer\/95647?hl=it<\/a>&nbsp;<br><strong>Mozilla Firefox:<\/strong>&nbsp;<a href=\"http:\/\/support.mozilla.org\/it\/kb\/Gestione%20dei%20cookie?redirectlocale=en-US&amp;redirectslug=Cookies\" target=\"_blank\" rel=\"noreferrer noopener\">http:\/\/support.mozilla.org\/it\/kb\/Gestione%20dei%20cookie?redirectlocale=en-US&amp;redirectslug=Cookies<\/a><br><strong>Opera:&nbsp;<\/strong><a href=\"http:\/\/help.opera.com\/Windows\/10.00\/it\/cookies.html\" target=\"_blank\" rel=\"noreferrer noopener\">http:\/\/help.opera.com\/Windows\/10.00\/it\/cookies.html<\/a>&nbsp;<br><strong>Apple Safari<\/strong>:&nbsp;<a href=\"http:\/\/www.apple.com\/it\/privacy\/use-of-cookies\/\" target=\"_blank\" rel=\"noreferrer noopener\">http:\/\/www.apple.com\/it\/privacy\/use-of-cookies\/<\/a>&nbsp;<\/p>\n\n\n\n<p><strong>Google Analytics<\/strong><br>E&#8217; anche possibile disabilitare soltanto i cookie di Google Analytics, utilizzando il&nbsp;<a href=\"https:\/\/tools.google.com\/dlpage\/gaoptout?hl=it\" target=\"_blank\" rel=\"noreferrer noopener\">componente aggiuntivo<\/a>&nbsp;di opt-out fornito da Google per i browser principali.<\/p>","protected":false},"excerpt":{"rendered":"<p>INFORMATIVA SULLA PRIVACY PER I TRATTAMENTI DATI DEL SITO WEB DI ATENEO In questa pagina si descrivono le modalit\u00e0 di gestione del sito di Ateneo in riferimento al trattamento dei [&hellip;]<\/p>\n","protected":false},"author":29,"featured_media":0,"parent":0,"menu_order":0,"comment_status":"closed","ping_status":"closed","template":"page-semplice.php","meta":{"_acf_changed":false,"footnotes":""},"class_list":["post-18767","page","type-page","status-publish","hentry"],"acf":[],"yoast_head":"<!-- This site is optimized with the Yoast SEO plugin v27.4 - https:\/\/yoast.com\/product\/yoast-seo-wordpress\/ -->\n<title>Cookie Policy - Alumni<\/title>\n<meta name=\"robots\" content=\"index, follow, max-snippet:-1, max-image-preview:large, max-video-preview:-1\" \/>\n<link rel=\"canonical\" href=\"https:\/\/alumni.polimi.it\/en\/cookie-policy\/\" \/>\n<meta property=\"og:locale\" content=\"en_US\" \/>\n<meta property=\"og:type\" content=\"article\" \/>\n<meta property=\"og:title\" content=\"Cookie Policy - Alumni\" \/>\n<meta property=\"og:description\" content=\"INFORMATIVA SULLA PRIVACY PER I TRATTAMENTI DATI DEL SITO WEB DI ATENEO In questa pagina si descrivono le modalit\u00e0 di gestione del sito di Ateneo in riferimento al trattamento dei [&hellip;]\" \/>\n<meta property=\"og:url\" content=\"https:\/\/alumni.polimi.it\/en\/cookie-policy\/\" \/>\n<meta property=\"og:site_name\" content=\"Alumni\" \/>\n<meta property=\"article:publisher\" content=\"https:\/\/www.facebook.com\/AlumniPolimi\/\" \/>\n<meta property=\"article:modified_time\" content=\"2020-10-31T14:16:56+00:00\" \/>\n<meta name=\"twitter:card\" content=\"summary_large_image\" \/>\n<meta name=\"twitter:label1\" content=\"Est. reading time\" \/>\n\t<meta name=\"twitter:data1\" content=\"4 minutes\" \/>\n<script type=\"application\/ld+json\" class=\"yoast-schema-graph\">{\"@context\":\"https:\\\/\\\/schema.org\",\"@graph\":[{\"@type\":\"WebPage\",\"@id\":\"https:\\\/\\\/alumni.polimi.it\\\/cookie-policy\\\/\",\"url\":\"https:\\\/\\\/alumni.polimi.it\\\/cookie-policy\\\/\",\"name\":\"Cookie Policy - Alumni\",\"isPartOf\":{\"@id\":\"https:\\\/\\\/alumni.polimi.it\\\/#website\"},\"datePublished\":\"2020-10-31T14:16:23+00:00\",\"dateModified\":\"2020-10-31T14:16:56+00:00\",\"breadcrumb\":{\"@id\":\"https:\\\/\\\/alumni.polimi.it\\\/cookie-policy\\\/#breadcrumb\"},\"inLanguage\":\"en-US\",\"potentialAction\":[{\"@type\":\"ReadAction\",\"target\":[\"https:\\\/\\\/alumni.polimi.it\\\/cookie-policy\\\/\"]}]},{\"@type\":\"BreadcrumbList\",\"@id\":\"https:\\\/\\\/alumni.polimi.it\\\/cookie-policy\\\/#breadcrumb\",\"itemListElement\":[{\"@type\":\"ListItem\",\"position\":1,\"name\":\"Home\",\"item\":\"https:\\\/\\\/alumni.polimi.it\\\/\"},{\"@type\":\"ListItem\",\"position\":2,\"name\":\"Cookie Policy\"}]},{\"@type\":\"WebSite\",\"@id\":\"https:\\\/\\\/alumni.polimi.it\\\/#website\",\"url\":\"https:\\\/\\\/alumni.polimi.it\\\/\",\"name\":\"Alumni\",\"description\":\"Politecnico di Milano\",\"publisher\":{\"@id\":\"https:\\\/\\\/alumni.polimi.it\\\/#organization\"},\"potentialAction\":[{\"@type\":\"SearchAction\",\"target\":{\"@type\":\"EntryPoint\",\"urlTemplate\":\"https:\\\/\\\/alumni.polimi.it\\\/?s={search_term_string}\"},\"query-input\":{\"@type\":\"PropertyValueSpecification\",\"valueRequired\":true,\"valueName\":\"search_term_string\"}}],\"inLanguage\":\"en-US\"},{\"@type\":\"Organization\",\"@id\":\"https:\\\/\\\/alumni.polimi.it\\\/#organization\",\"name\":\"Alumni Polimi Association\",\"url\":\"https:\\\/\\\/alumni.polimi.it\\\/\",\"logo\":{\"@type\":\"ImageObject\",\"inLanguage\":\"en-US\",\"@id\":\"https:\\\/\\\/alumni.polimi.it\\\/#\\\/schema\\\/logo\\\/image\\\/\",\"url\":\"https:\\\/\\\/alumni.polimi.it\\\/wp-content\\\/uploads\\\/Alumni.jpg\",\"contentUrl\":\"https:\\\/\\\/alumni.polimi.it\\\/wp-content\\\/uploads\\\/Alumni.jpg\",\"width\":1000,\"height\":267,\"caption\":\"Alumni Polimi Association\"},\"image\":{\"@id\":\"https:\\\/\\\/alumni.polimi.it\\\/#\\\/schema\\\/logo\\\/image\\\/\"},\"sameAs\":[\"https:\\\/\\\/www.facebook.com\\\/AlumniPolimi\\\/\",\"https:\\\/\\\/www.linkedin.com\\\/company\\\/alumni-politecnico-di-milano\\\/\"]}]}<\/script>\n<!-- \/ Yoast SEO plugin. -->","yoast_head_json":{"title":"Cookie Policy - Alumni","robots":{"index":"index","follow":"follow","max-snippet":"max-snippet:-1","max-image-preview":"max-image-preview:large","max-video-preview":"max-video-preview:-1"},"canonical":"https:\/\/alumni.polimi.it\/en\/cookie-policy\/","og_locale":"en_US","og_type":"article","og_title":"Cookie Policy - Alumni","og_description":"INFORMATIVA SULLA PRIVACY PER I TRATTAMENTI DATI DEL SITO WEB DI ATENEO In questa pagina si descrivono le modalit\u00e0 di gestione del sito di Ateneo in riferimento al trattamento dei [&hellip;]","og_url":"https:\/\/alumni.polimi.it\/en\/cookie-policy\/","og_site_name":"Alumni","article_publisher":"https:\/\/www.facebook.com\/AlumniPolimi\/","article_modified_time":"2020-10-31T14:16:56+00:00","twitter_card":"summary_large_image","twitter_misc":{"Est. reading time":"4 minutes"},"schema":{"@context":"https:\/\/schema.org","@graph":[{"@type":"WebPage","@id":"https:\/\/alumni.polimi.it\/cookie-policy\/","url":"https:\/\/alumni.polimi.it\/cookie-policy\/","name":"Cookie Policy - Alumni","isPartOf":{"@id":"https:\/\/alumni.polimi.it\/#website"},"datePublished":"2020-10-31T14:16:23+00:00","dateModified":"2020-10-31T14:16:56+00:00","breadcrumb":{"@id":"https:\/\/alumni.polimi.it\/cookie-policy\/#breadcrumb"},"inLanguage":"en-US","potentialAction":[{"@type":"ReadAction","target":["https:\/\/alumni.polimi.it\/cookie-policy\/"]}]},{"@type":"BreadcrumbList","@id":"https:\/\/alumni.polimi.it\/cookie-policy\/#breadcrumb","itemListElement":[{"@type":"ListItem","position":1,"name":"Home","item":"https:\/\/alumni.polimi.it\/"},{"@type":"ListItem","position":2,"name":"Cookie Policy"}]},{"@type":"WebSite","@id":"https:\/\/alumni.polimi.it\/#website","url":"https:\/\/alumni.polimi.it\/","name":"Alumni","description":"Politecnico di Milano","publisher":{"@id":"https:\/\/alumni.polimi.it\/#organization"},"potentialAction":[{"@type":"SearchAction","target":{"@type":"EntryPoint","urlTemplate":"https:\/\/alumni.polimi.it\/?s={search_term_string}"},"query-input":{"@type":"PropertyValueSpecification","valueRequired":true,"valueName":"search_term_string"}}],"inLanguage":"en-US"},{"@type":"Organization","@id":"https:\/\/alumni.polimi.it\/#organization","name":"Alumni Polimi Association","url":"https:\/\/alumni.polimi.it\/","logo":{"@type":"ImageObject","inLanguage":"en-US","@id":"https:\/\/alumni.polimi.it\/#\/schema\/logo\/image\/","url":"https:\/\/alumni.polimi.it\/wp-content\/uploads\/Alumni.jpg","contentUrl":"https:\/\/alumni.polimi.it\/wp-content\/uploads\/Alumni.jpg","width":1000,"height":267,"caption":"Alumni Polimi Association"},"image":{"@id":"https:\/\/alumni.polimi.it\/#\/schema\/logo\/image\/"},"sameAs":["https:\/\/www.facebook.com\/AlumniPolimi\/","https:\/\/www.linkedin.com\/company\/alumni-politecnico-di-milano\/"]}]}},"_links":{"self":[{"href":"https:\/\/alumni.polimi.it\/en\/wp-json\/wp\/v2\/pages\/18767","targetHints":{"allow":["GET"]}}],"collection":[{"href":"https:\/\/alumni.polimi.it\/en\/wp-json\/wp\/v2\/pages"}],"about":[{"href":"https:\/\/alumni.polimi.it\/en\/wp-json\/wp\/v2\/types\/page"}],"author":[{"embeddable":true,"href":"https:\/\/alumni.polimi.it\/en\/wp-json\/wp\/v2\/users\/29"}],"replies":[{"embeddable":true,"href":"https:\/\/alumni.polimi.it\/en\/wp-json\/wp\/v2\/comments?post=18767"}],"version-history":[{"count":1,"href":"https:\/\/alumni.polimi.it\/en\/wp-json\/wp\/v2\/pages\/18767\/revisions"}],"predecessor-version":[{"id":18768,"href":"https:\/\/alumni.polimi.it\/en\/wp-json\/wp\/v2\/pages\/18767\/revisions\/18768"}],"wp:attachment":[{"href":"https:\/\/alumni.polimi.it\/en\/wp-json\/wp\/v2\/media?parent=18767"}],"curies":[{"name":"wp","href":"https:\/\/api.w.org\/{rel}","templated":true}]}}